{"id":2329,"date":"2024-05-27T13:18:07","date_gmt":"2024-05-27T11:18:07","guid":{"rendered":"https:\/\/akademie-3.org\/?page_id=2329"},"modified":"2025-12-02T11:20:54","modified_gmt":"2025-12-02T10:20:54","slug":"mitmachen","status":"publish","type":"page","link":"https:\/\/akademie-3.org\/en\/mitmachen\/","title":{"rendered":"Mitmachen"},"content":{"rendered":"<section class=\"l-section wpb_row height_auto full_height valign_center width_full\"><div class=\"l-section-h i-cf\"><div class=\"g-cols vc_row via_grid cols_2 laptops-cols_inherit tablets-cols_inherit mobiles-cols_1 valign_top type_default reversed stacking_default\" style=\"--columns-gap:0rem;\"><div class=\"wpb_column vc_column_container us_custom_ab542212 decal green-vines-big top-left-clipped has_bg_color\"><div class=\"vc_column-inner\"><h2 class=\"w-text us_custom_9bd7c51b has_text_color\"><span class=\"w-text-h\"><span class=\"w-text-value\">PARTICIPATE<\/span><\/span><\/h2><div class=\"w-separator size_small\"><\/div><div class=\"wpb_text_column us_custom_a3349ed7 has_text_color\"><div class=\"wpb_wrapper\"><p><strong><span data-contrast=\"auto\" xml:lang=\"EN-US\" lang=\"EN-US\" class=\"TextRun SCXW169777194 BCX0\"><span class=\"NormalTextRun SCXW169777194 BCX0\">If our mission enthuses you, there are three ways to get involved in Akademie 3<\/span><\/span>:<span data-ccp-props=\"{\" 201341983=\"\" :0=\"\" 335559739=\"\" :160=\"\" 335559740=\"\" :259=\"\">\u00a0<\/span><\/strong><\/p>\n<p><span class=\"NormalTextRun SCXW108947841 BCX0\">You can be appointed to the circle of <strong>Academy members<\/strong>. Members contribute to the projects voluntarily. Together with other members, they develop the Academy&#8217;s content and <\/span><span class=\"NormalTextRun SpellingErrorV2Themed SCXW108947841 BCX0\">programmes.<\/span><\/p>\n<\/div><\/div><div class=\"w-separator size_custom\" style=\"height:15px\"><\/div><div class=\"wpb_text_column us_custom_df5f4c97 has_text_color\"><div class=\"wpb_wrapper\"><ol>\n<li><span data-contrast=\"auto\" xml:lang=\"DE-DE\" lang=\"DE-DE\" class=\"TextRun SCXW71900005 BCX0\"><span class=\"NormalTextRun SCXW71900005 BCX0\">You can support us as a Fellow of the Academy. Fellows support our work through an annual donation. In return, they receive priority access to our events and exclusive offers.<br \/>\n<a class=\"w-btn us-btn-style_4 icon_atleft\" href=\"\/en\/mitmachen\/#fellow-werden\"><i class=\"fas fa-angle-double-right\"><\/i><span class=\"w-btn-label\">Become a fellow<\/span><\/a><\/span><\/span><\/li>\n<li><span class=\"NormalTextRun SCXW31291636 BCX0\">You can create your own <\/span><strong><span class=\"NormalTextRun SpellingErrorV2Themed SCXW31291636 BCX0\">convivium<\/span><\/strong><span class=\"NormalTextRun SCXW31291636 BCX0\">.<br \/>\n<a class=\"w-btn us-btn-style_4 icon_atleft\" href=\"\/en\/mitmachen\/#convivium\"><i class=\"fas fa-angle-double-right\"><\/i><span class=\"w-btn-label\">Found a convivium<\/span><\/a><\/span><\/li>\n<li><span>You can be appointed to the circle of <strong>Academy members<\/strong>. Members contribute to the projects voluntarily. Together with other members, they develop the Academy\u2019s content and programs.<\/span><\/li>\n<\/ol>\n<\/div><\/div><div class=\"w-separator size_small\"><\/div><\/div><\/div><div class=\"wpb_column vc_column_container us_custom_cb1a8b48 decal has_bg_color\"><div class=\"vc_column-inner\"><div class=\"w-separator size_custom\" style=\"height:250px\"><\/div><\/div><\/div><\/div><\/div><\/section><section class=\"l-section wpb_row us_custom_f5342ae8 height_auto\"><div class=\"l-section-h i-cf\"><div class=\"g-cols vc_row via_grid cols_1 laptops-cols_inherit tablets-cols_inherit mobiles-cols_1 valign_top type_default stacking_default\"><div class=\"wpb_column vc_column_container\"><div class=\"vc_column-inner\"><div class=\"w-iconbox us_custom_07b47529 iconpos_top style_circle color_custom align_center no_text no_title\"><a href=\"#fellow-werden\" class=\"w-iconbox-link\" aria-label=\"far|chevron-down\"><div class=\"w-iconbox-icon\" style=\"font-size:1.5rem;--icon-color:#ffffff;--icon-bg-color:var(--color-header-middle-text);\"><i class=\"far fa-chevron-down\"><\/i><\/div><\/a><div class=\"w-iconbox-meta\"><\/div><\/div><\/div><\/div><\/div><\/div><\/section><section class=\"l-section wpb_row height_auto full_height valign_center width_full\" id=\"fellow-werden\"><div class=\"l-section-h i-cf\"><div class=\"g-cols vc_row via_grid cols_2 laptops-cols_inherit tablets-cols_inherit mobiles-cols_1 valign_top type_default stacking_default\" style=\"--columns-gap:0rem;\"><div class=\"wpb_column vc_column_container us_custom_610160cf decal yellow-vines-small bottom-right has_bg_color\"><div class=\"vc_column-inner\"><div class=\"w-image us_custom_05a8028f hide_on_default hide_on_laptops hide_on_tablets hide_on_mobiles has_height align_none\"><div class=\"w-image-h\"><img decoding=\"async\" src=\"https:\/\/akademie-3.org\/wp-content\/uploads\/2024\/03\/logo-white.svg\" class=\"attachment-full size-full\" alt=\"\" loading=\"lazy\" \/><\/div><\/div><h2 class=\"w-text us_custom_bf75742f has_text_color\"><span class=\"w-text-h\"><span class=\"w-text-value\">BECOME A FELLOW<\/span><\/span><\/h2><div class=\"w-separator size_custom\" style=\"height:250px\"><\/div><\/div><\/div><div class=\"wpb_column vc_column_container us_custom_ab542212 decal has_bg_color\"><div class=\"vc_column-inner\"><div class=\"g-cols wpb_row via_grid cols_1 laptops-cols_inherit tablets-cols_inherit mobiles-cols_1 valign_top type_default stacking_default\" style=\"--columns-gap:6rem;--laptops-columns-gap:2rem;--tablets-columns-gap:6rem;--mobiles-columns-gap:6rem;\"><div class=\"wpb_column vc_column_container\"><div class=\"vc_column-inner\"><div class=\"wpb_text_column us_custom_812376d6 has_text_color\"><div class=\"wpb_wrapper\"><p><span data-contrast=\"auto\" xml:lang=\"EN-US\" lang=\"EN-US\" class=\"TextRun SCXW216105679 BCX0\"><span class=\"NormalTextRun SCXW216105679 BCX0\">The Akademie 3 offers you the opportunity to become a Fellow if you would like to support our work.<\/span><\/span><\/p>\n<\/div><\/div><div class=\"w-separator size_small\"><\/div><h2 class=\"w-text us_custom_9bd7c51b has_text_color\"><span class=\"w-text-h\"><span class=\"w-text-value\">BENEFITS FOR FELLOWS<\/span><\/span><\/h2><div class=\"wpb_text_column us_custom_a3349ed7 has_text_color\"><div class=\"wpb_wrapper\"><p style=\"font-weight: 400;\"><strong>As Fellow<\/strong><\/p>\n<ul style=\"font-weight: 400;\">\n<li><span class=\"NormalTextRun SCXW240994396 BCX0\">you will be invited to an <strong>exclusive event<\/strong> with <span>Akademie<\/span><\/span><span class=\"NormalTextRun SCXW240994396 BCX0\">\u00a03-<\/span><span class=\"NormalTextRun SCXW240994396 BCX0\">founder Christoph <\/span><span class=\"NormalTextRun SpellingErrorV2Themed SCXW240994396 BCX0\">Quarch<\/span><span class=\"NormalTextRun SCXW240994396 BCX0\"> once a <\/span><span class=\"NormalTextRun ContextualSpellingAndGrammarErrorV2Themed GrammarErrorHighlight SCXW240994396 BCX0\">year<\/span>;<\/li>\n<li><span data-contrast=\"auto\" xml:lang=\"EN-US\" lang=\"EN-US\" class=\"TextRun SCXW195048325 BCX0\"><span class=\"NormalTextRun SCXW195048325 BCX0\">you may <\/span><span class=\"NormalTextRun SCXW195048325 BCX0\">participate<\/span><span class=\"NormalTextRun SCXW195048325 BCX0\"> in our <strong>exclusive Fellow <\/strong><\/span><strong><span class=\"NormalTextRun ContextualSpellingAndGrammarErrorV2Themed SCXW195048325 BCX0\">trips<\/span><\/strong><\/span>;<\/li>\n<li><span class=\"NormalTextRun ContextualSpellingAndGrammarErrorV2Themed GrammarErrorHighlight SCXW173964599 BCX0\">you<\/span><span class=\"NormalTextRun SCXW173964599 BCX0\"> have priority and <strong>discounted access<\/strong> to our annual Summer School and other events <\/span><span class=\"NormalTextRun SpellingErrorV2Themed SCXW173964599 BCX0\">organised<\/span><span class=\"NormalTextRun SCXW173964599 BCX0\"> by the <span>Akademie 3<\/span><\/span>.<\/li>\n<\/ul>\n<p style=\"font-weight: 400;\"><span data-contrast=\"auto\" xml:lang=\"EN-US\" lang=\"EN-US\" class=\"TextRun SCXW194876771 BCX0\"><span class=\"NormalTextRun SCXW194876771 BCX0\">In addition, you will receive a signed copy of Akademie 3&#8217;s <strong>annual edition<\/strong> published at the end of the year<\/span><\/span>.<br \/>\n<span class=\"NormalTextRun SCXW134192342 BCX0\">Furthermore, we will support you in <\/span><span class=\"NormalTextRun SCXW134192342 BCX0\">creating<\/span><span class=\"NormalTextRun SCXW134192342 BCX0\"> a <strong>convivium<\/strong><\/span>.<\/p>\n<p><strong><span data-contrast=\"auto\" xml:lang=\"EN-US\" lang=\"EN-US\" class=\"TextRun SCXW186117325 BCX0\"><span class=\"NormalTextRun SCXW186117325 BCX0\">You can become a Fellow of the <span>Akademie 3<\/span> by donating at least 1,000 euros per year<\/span><\/span>.\u00a0<\/strong><\/p>\n<p><span data-contrast=\"auto\" xml:lang=\"EN-US\" lang=\"EN-US\" class=\"TextRun SCXW110042509 BCX0\"><span class=\"NormalTextRun SCXW110042509 BCX0\">Donation account <\/span><\/span>GLS Bank Bochum<br \/>\nIBAN DE 46 4306 0967 1270 7126 00 \u00b7 BIC GENODEM1GLS<\/p>\n<\/div><\/div><\/div><\/div><\/div><div class=\"w-separator size_custom\" style=\"height:15px\"><\/div><div class=\"g-cols wpb_row via_grid cols_2 laptops-cols_inherit tablets-cols_inherit mobiles-cols_1 valign_top type_default stacking_default\" style=\"--columns-gap:3rem;\"><div class=\"wpb_column vc_column_container\"><div class=\"vc_column-inner\"><div class=\"w-btn-wrapper align_none\"><a class=\"w-btn us-btn-style_1 icon_atleft\" target=\"_blank\" href=\"\/wp-content\/uploads\/2024\/07\/Fellowship_Aufnahme_Formular_RZ.pdf\"><i class=\"fas fa-chevron-circle-right\"><\/i><span class=\"w-btn-label\">Apply to become a fellow<\/span><\/a><\/div><\/div><\/div><div class=\"wpb_column vc_column_container\"><div class=\"vc_column-inner\"><div class=\"w-btn-wrapper align_none\"><a class=\"w-btn us-btn-style_1 icon_atleft\" target=\"_blank\" href=\"https:\/\/christophquarch.de\/veranstaltungen\/erkenne-dich-selbst-fellow-reise-akademie3\/\"><i class=\"fas fa-chevron-circle-right\"><\/i><span class=\"w-btn-label\">Apply for the next Fellow-trip<\/span><\/a><\/div><\/div><\/div><\/div><\/div><\/div><\/div><\/div><\/section><section class=\"l-section wpb_row us_custom_f5342ae8 height_auto\"><div class=\"l-section-h i-cf\"><div class=\"g-cols vc_row via_grid cols_1 laptops-cols_inherit tablets-cols_inherit mobiles-cols_1 valign_top type_default stacking_default\"><div class=\"wpb_column vc_column_container\"><div class=\"vc_column-inner\"><div class=\"w-iconbox us_custom_07b47529 iconpos_top style_circle color_custom align_center no_text no_title\"><a href=\"#convivium\" class=\"w-iconbox-link\" aria-label=\"far|chevron-down\"><div class=\"w-iconbox-icon\" style=\"font-size:1.5rem;--icon-color:#ffffff;--icon-bg-color:var(--color-header-middle-text);\"><i class=\"far fa-chevron-down\"><\/i><\/div><\/a><div class=\"w-iconbox-meta\"><\/div><\/div><\/div><\/div><\/div><\/div><\/section><section class=\"l-section wpb_row height_auto full_height valign_center width_full\" id=\"convivium\"><div class=\"l-section-h i-cf\"><div class=\"g-cols vc_row via_grid cols_2 laptops-cols_inherit tablets-cols_inherit mobiles-cols_1 valign_top type_default reversed stacking_default\" style=\"--columns-gap:0rem;\"><div class=\"wpb_column vc_column_container us_custom_ab542212 decal red-vines-big top-left-clipped has_bg_color\"><div class=\"vc_column-inner\"><div class=\"wpb_text_column us_custom_e095f421 has_text_color with_collapsible_content\" id=\"toggle-creme\" data-content-height=\"300px\"><div class=\"wpb_wrapper\"><h2><span data-contrast=\"auto\" xml:lang=\"EN-US\" lang=\"EN-US\" class=\"TextRun SCXW56811621 BCX0\"><span class=\"NormalTextRun SCXW56811621 BCX0\">Why create a convivium?<\/span><\/span><span class=\"EOP SCXW56811621 BCX0\" data-ccp-props=\"{&quot;134233117&quot;:true,&quot;201341983&quot;:0,&quot;335559739&quot;:0,&quot;335559740&quot;:312}\">\u00a0<\/span><\/h2>\n<p><span data-contrast=\"auto\" xml:lang=\"EN-US\" lang=\"EN-US\" class=\"TextRun SCXW149433622 BCX0\"><span class=\"NormalTextRun SCXW149433622 BCX0\">Because the spirit blows wherever it wants &#8211; experience teaches us, however, that it prefers to blow where people meet with an open mind and an open heart in a protected and familiar space. By providing such a space, you create a nucleus of <\/span><span class=\"NormalTextRun ContextualSpellingAndGrammarErrorV2Themed SCXW149433622 BCX0\">spirit<\/span><span class=\"NormalTextRun SCXW149433622 BCX0\"> &#8211; a small garden whose fruits will <\/span><span class=\"NormalTextRun SCXW149433622 BCX0\">benefit<\/span><span class=\"NormalTextRun SCXW149433622 BCX0\"> you and your surroundings.<\/span><\/span><\/p>\n<h3><span data-contrast=\"auto\" xml:lang=\"EN-US\" lang=\"EN-US\" class=\"TextRun SCXW183806983 BCX0\"><span class=\"NormalTextRun SCXW183806983 BCX0\">What exactly is a convivium?<\/span><\/span><span class=\"EOP SCXW183806983 BCX0\" data-ccp-props=\"{&quot;134233117&quot;:true,&quot;201341983&quot;:0,&quot;335559739&quot;:0,&quot;335559740&quot;:312}\">\u00a0<\/span><\/h3>\n<p><span class=\"NormalTextRun SCXW226704978 BCX0\">Convivia can be newly <\/span><span class=\"NormalTextRun ContextualSpellingAndGrammarErrorV2Themed SCXW226704978 BCX0\">founded<\/span><span class=\"NormalTextRun SCXW226704978 BCX0\"> or existing events linked to <span>Akademie<\/span> 3 through using its impulses. For example<\/span>:<\/p>\n<ul>\n<li><span class=\"NormalTextRun SCXW92492407 BCX0\">a circle of 4 to 10 people you invite to your home once a month to talk about the <\/span><span class=\"NormalTextRun AdvancedProofingIssueV2Themed SCXW92492407 BCX0\">really important<\/span><span class=\"NormalTextRun SCXW92492407 BCX0\"> questions of life or to share what excites and inspires you<\/span>.<\/li>\n<li><span data-contrast=\"auto\" xml:lang=\"EN-US\" lang=\"EN-US\" class=\"TextRun SCXW28567920 BCX0\"><span class=\"NormalTextRun SCXW28567920 BCX0\">a circle of colleagues you bring together in your company once a quarter to share your common values and visions outside of the usual routines<\/span><\/span>.<\/li>\n<li><span class=\"NormalTextRun SCXW47055957 BCX0\">a circle of a handful of like-minded people wishing to <\/span><span class=\"NormalTextRun SpellingErrorV2Themed SCXW47055957 BCX0\">organize<\/span><span class=\"NormalTextRun SCXW47055957 BCX0\"> a small event <\/span><span class=\"NormalTextRun SpellingErrorV2Themed SCXW47055957 BCX0\">program<\/span><span class=\"NormalTextRun SCXW47055957 BCX0\">\u00a0at their place in the spirit of our visio<\/span>n.<\/li>\n<li><span class=\"NormalTextRun SCXW234996299 BCX0\">&#8230; <\/span><span class=\"NormalTextRun SCXW234996299 BCX0\">there<\/span><span class=\"NormalTextRun SCXW234996299 BCX0\">\u2019s<\/span><span class=\"NormalTextRun SCXW234996299 BCX0\"> a whole lot of <\/span><span class=\"NormalTextRun SCXW234996299 BCX0\">possibilities<\/span>.<\/li>\n<\/ul>\n<h3><span data-contrast=\"auto\" xml:lang=\"EN-US\" lang=\"EN-US\" class=\"TextRun SCXW6037627 BCX0\"><span class=\"NormalTextRun SCXW6037627 BCX0\">What makes the difference between a convivium and other discussion groups<\/span><\/span>?<\/h3>\n<p><span class=\"NormalTextRun SCXW212837168 BCX0\">Convivia, like <span>Akademie<\/span> 3, consider themselves to be a nucleus for inspiration and enthusiasm &#8211; a &#8220;thought garden&#8221; where it is not about arguing about opinions, being right or <\/span><span class=\"NormalTextRun SCXW212837168 BCX0\">showcasing<\/span><span class=\"NormalTextRun SCXW212837168 BCX0\"> oneself. In a convivium<\/span><\/p>\n<ul>\n<li><span class=\"NormalTextRun SCXW183083204 BCX0\">you meet each other with an open mind and an open <\/span><span class=\"NormalTextRun ContextualSpellingAndGrammarErrorV2Themed SCXW183083204 BCX0\">heart<\/span>;<\/li>\n<li><span class=\"NormalTextRun SCXW114270493 BCX0\">you meet each other in a spirit of <\/span><span class=\"NormalTextRun ContextualSpellingAndGrammarErrorV2Themed SCXW114270493 BCX0\">friendship<\/span>;<\/li>\n<li><span class=\"NormalTextRun ContextualSpellingAndGrammarErrorV2Themed SCXW184923780 BCX0\">you<\/span><span class=\"NormalTextRun SCXW184923780 BCX0\"> search together for the true, the good and the beautiful<\/span>.<\/li>\n<\/ul>\n<h3><span class=\"NormalTextRun SCXW42940820 BCX0\">What is needed to <\/span><span class=\"NormalTextRun SCXW42940820 BCX0\">create<\/span><span class=\"NormalTextRun SCXW42940820 BCX0\"> a convivium<\/span>?<\/h3>\n<p><span data-contrast=\"auto\" xml:lang=\"EN-US\" lang=\"EN-US\" class=\"TextRun SCXW96028290 BCX0\"><span class=\"NormalTextRun SCXW96028290 BCX0\">To start a convivium of <span>Akademie<\/span> 3<\/span><\/span>,<\/p>\n<ul>\n<li><span class=\"NormalTextRun SCXW114304694 BCX0\">you should inform us about your plans so that we can provide you with a mentor from our members for your <\/span><span class=\"NormalTextRun ContextualSpellingAndGrammarErrorV2Themed SCXW114304694 BCX0\">project<\/span>;<\/li>\n<li><span class=\"NormalTextRun SCXW88149525 BCX0\">you should agree with our vision and values as described in our <\/span><span class=\"NormalTextRun ContextualSpellingAndGrammarErrorV2Themed GrammarErrorHighlight SCXW88149525 BCX0\">manifesto<\/span>;<\/li>\n<li><span class=\"NormalTextRun ContextualSpellingAndGrammarErrorV2Themed SCXW215647907 BCX0\">you<\/span><span class=\"NormalTextRun SCXW215647907 BCX0\"> should share our commitment to bringing a good, <\/span><span class=\"NormalTextRun SCXW215647907 BCX0\">fresh<\/span><span class=\"NormalTextRun SCXW215647907 BCX0\"> and lively spirit into our society<\/span>.<\/li>\n<\/ul>\n<h3><span class=\"NormalTextRun SCXW111224151 BCX0\">How do we support you to <\/span><span class=\"NormalTextRun SCXW111224151 BCX0\">initiate<\/span><span class=\"NormalTextRun SCXW111224151 BCX0\"> a convivium<\/span>?<\/h3>\n<p><span class=\"NormalTextRun SCXW172784633 BCX0\">As the initiator of a convivium, you are part of our network. <\/span><span class=\"NormalTextRun SCXW172784633 BCX0\">That&#8217;s<\/span><span class=\"NormalTextRun SCXW172784633 BCX0\"> why <\/span><span class=\"NormalTextRun SCXW172784633 BCX0\">it&#8217;s<\/span><span class=\"NormalTextRun SCXW172784633 BCX0\"> important to us that you stay in touch with us<\/span>.<\/p>\n<ul>\n<li><span data-contrast=\"auto\" xml:lang=\"EN-US\" lang=\"EN-US\" class=\"TextRun SCXW17646919 BCX0\"><span class=\"NormalTextRun SCXW17646919 BCX0\">We will match you with a mentor from our circle of academics to exchange ideas with on a regular basis<\/span><\/span>.<\/li>\n<li><span data-contrast=\"auto\" xml:lang=\"EN-US\" lang=\"EN-US\" class=\"TextRun SCXW128675717 BCX0\"><span class=\"NormalTextRun SCXW128675717 BCX0\">We will send you a handbook that explains what it takes to start a convivium.<\/span><\/span><\/li>\n<\/ul>\n<h3><span data-contrast=\"auto\" xml:lang=\"EN-US\" lang=\"EN-US\" class=\"TextRun SCXW256791041 BCX0\"><span class=\"NormalTextRun SCXW256791041 BCX0\">Are you curious<\/span><\/span>?<\/h3>\n<p><span data-contrast=\"auto\" xml:lang=\"EN-US\" lang=\"EN-US\" class=\"TextRun SCXW264507351 BCX0\"><span class=\"NormalTextRun SCXW264507351 BCX0\">Then please feel free to contact us. We look forward to welcoming you to our movement and unleashing a good spirit together with you<\/span><\/span>.<\/p>\n<\/div><div class=\"toggle-links align_none\"><button class=\"collapsible-content-more\">\u00bb Show More<\/button><button class=\"collapsible-content-less\">\u00bb Show Less<\/button><\/div><\/div><div class=\"w-separator size_small\"><\/div><\/div><\/div><div class=\"wpb_column vc_column_container us_custom_91eca12b decal yellow-vines-small bottom-right has_bg_color\"><div class=\"vc_column-inner\"><h2 class=\"w-text us_custom_c38a789a has_text_color\"><span class=\"w-text-h\"><span class=\"w-text-value\">CREATING A CONVIVIUM<\/span><\/span><\/h2><div class=\"w-separator size_custom\" style=\"height:250px\"><\/div><\/div><\/div><\/div><\/div><\/section><section class=\"l-section wpb_row us_custom_f5342ae8 height_auto\"><div class=\"l-section-h i-cf\"><div class=\"g-cols vc_row via_grid cols_1 laptops-cols_inherit tablets-cols_inherit mobiles-cols_1 valign_top type_default stacking_default\"><div class=\"wpb_column vc_column_container\"><div class=\"vc_column-inner\"><div class=\"w-iconbox us_custom_07b47529 iconpos_top style_circle color_custom align_center no_text no_title\"><a href=\"#page-footer\" class=\"w-iconbox-link\" aria-label=\"far|chevron-down\"><div class=\"w-iconbox-icon\" style=\"font-size:1.5rem;--icon-color:#ffffff;--icon-bg-color:var(--color-blackberry);\"><i class=\"far fa-chevron-down\"><\/i><\/div><\/a><div class=\"w-iconbox-meta\"><\/div><\/div><\/div><\/div><\/div><\/div><\/section>\n","protected":false},"excerpt":{"rendered":"{:de}MitmachenWenn dich unsere Mission begeistert, gibt es drei M\u00f6glichkeiten, dich an der Akademie 3 zu beteiligen:\u00a0 Du kannst uns als Fellow der Akademie unterst\u00fctzen. Fellows f\u00f6rdern die Arbeit der Akademie mit einer j\u00e4hrlichen Spende und erhalten daf\u00fcr priorit\u00e4ren Zugang zu unseren Veranstaltungen und exklusive Angebote. Fellow werden Du kannst dein eigenes Convivium gr\u00fcnden. Convivium gr\u00fcnden...","protected":false},"author":1,"featured_media":0,"parent":0,"menu_order":0,"comment_status":"closed","ping_status":"closed","template":"","meta":{"_acf_changed":false,"footnotes":""},"class_list":["post-2329","page","type-page","status-publish","hentry"],"translation":{"provider":"WPGlobus","version":"3.0.2","language":"en","enabled_languages":["de","en"],"languages":{"de":{"title":true,"content":true,"excerpt":false},"en":{"title":true,"content":true,"excerpt":false}}},"acf":[],"yoast_head":"<!-- This site is optimized with the Yoast SEO plugin v27.2 - https:\/\/yoast.com\/product\/yoast-seo-wordpress\/ -->\n<title>Mitmachen - Akademie 3<\/title>\n<meta name=\"robots\" content=\"index, follow, max-snippet:-1, max-image-preview:large, max-video-preview:-1\" \/>\n<link rel=\"canonical\" href=\"https:\/\/akademie-3.org\/mitmachen\/\" \/>\n<meta property=\"og:locale\" content=\"en_US\" \/>\n<meta property=\"og:type\" content=\"article\" \/>\n<meta property=\"og:title\" content=\"Mitmachen - Akademie 3\" \/>\n<meta property=\"og:url\" content=\"https:\/\/akademie-3.org\/mitmachen\/\" \/>\n<meta property=\"og:site_name\" content=\"Akademie 3\" \/>\n<meta property=\"article:modified_time\" content=\"2025-12-02T10:20:54+00:00\" \/>\n<meta name=\"twitter:card\" content=\"summary_large_image\" \/>\n<meta name=\"twitter:label1\" content=\"Est. reading time\" \/>\n\t<meta name=\"twitter:data1\" content=\"5 minutes\" \/>\n<script type=\"application\/ld+json\" class=\"yoast-schema-graph\">{\"@context\":\"https:\/\/schema.org\",\"@graph\":[{\"@type\":\"WebPage\",\"@id\":\"https:\/\/akademie-3.org\/mitmachen\/\",\"url\":\"https:\/\/akademie-3.org\/mitmachen\/\",\"name\":\"Mitmachen - Akademie 3\",\"isPartOf\":{\"@id\":\"https:\/\/akademie-3.org\/#website\"},\"datePublished\":\"2024-05-27T11:18:07+00:00\",\"dateModified\":\"2025-12-02T10:20:54+00:00\",\"breadcrumb\":{\"@id\":\"https:\/\/akademie-3.org\/mitmachen\/#breadcrumb\"},\"inLanguage\":\"en-US\",\"potentialAction\":[{\"@type\":\"ReadAction\",\"target\":[\"https:\/\/akademie-3.org\/mitmachen\/\"]}]},{\"@type\":\"BreadcrumbList\",\"@id\":\"https:\/\/akademie-3.org\/mitmachen\/#breadcrumb\",\"itemListElement\":[{\"@type\":\"ListItem\",\"position\":1,\"name\":\"Home\",\"item\":\"https:\/\/akademie-3.org\/\"},{\"@type\":\"ListItem\",\"position\":2,\"name\":\"Mitmachen\"}]},{\"@type\":\"WebSite\",\"@id\":\"https:\/\/akademie-3.org\/#website\",\"url\":\"https:\/\/akademie-3.org\/\",\"name\":\"Akademie 3\",\"description\":\"\",\"potentialAction\":[{\"@type\":\"SearchAction\",\"target\":{\"@type\":\"EntryPoint\",\"urlTemplate\":\"https:\/\/akademie-3.org\/?s={search_term_string}\"},\"query-input\":{\"@type\":\"PropertyValueSpecification\",\"valueRequired\":true,\"valueName\":\"search_term_string\"}}],\"inLanguage\":\"en-US\"}]}<\/script>\n<!-- \/ Yoast SEO plugin. -->","yoast_head_json":{"title":"Mitmachen - Akademie 3","robots":{"index":"index","follow":"follow","max-snippet":"max-snippet:-1","max-image-preview":"max-image-preview:large","max-video-preview":"max-video-preview:-1"},"canonical":"https:\/\/akademie-3.org\/mitmachen\/","og_locale":"en_US","og_type":"article","og_title":"Mitmachen - Akademie 3","og_url":"https:\/\/akademie-3.org\/mitmachen\/","og_site_name":"Akademie 3","article_modified_time":"2025-12-02T10:20:54+00:00","twitter_card":"summary_large_image","twitter_misc":{"Est. reading time":"5 minutes"},"schema":{"@context":"https:\/\/schema.org","@graph":[{"@type":"WebPage","@id":"https:\/\/akademie-3.org\/mitmachen\/","url":"https:\/\/akademie-3.org\/mitmachen\/","name":"Mitmachen - Akademie 3","isPartOf":{"@id":"https:\/\/akademie-3.org\/#website"},"datePublished":"2024-05-27T11:18:07+00:00","dateModified":"2025-12-02T10:20:54+00:00","breadcrumb":{"@id":"https:\/\/akademie-3.org\/mitmachen\/#breadcrumb"},"inLanguage":"en-US","potentialAction":[{"@type":"ReadAction","target":["https:\/\/akademie-3.org\/mitmachen\/"]}]},{"@type":"BreadcrumbList","@id":"https:\/\/akademie-3.org\/mitmachen\/#breadcrumb","itemListElement":[{"@type":"ListItem","position":1,"name":"Home","item":"https:\/\/akademie-3.org\/"},{"@type":"ListItem","position":2,"name":"Mitmachen"}]},{"@type":"WebSite","@id":"https:\/\/akademie-3.org\/#website","url":"https:\/\/akademie-3.org\/","name":"Akademie 3","description":"","potentialAction":[{"@type":"SearchAction","target":{"@type":"EntryPoint","urlTemplate":"https:\/\/akademie-3.org\/?s={search_term_string}"},"query-input":{"@type":"PropertyValueSpecification","valueRequired":true,"valueName":"search_term_string"}}],"inLanguage":"en-US"}]}},"publishpress_future_action":{"enabled":false,"date":"2026-04-11 08:05:44","action":"change-status","newStatus":"draft","terms":[],"taxonomy":"","extraData":[]},"publishpress_future_workflow_manual_trigger":{"enabledWorkflows":[]},"_links":{"self":[{"href":"https:\/\/akademie-3.org\/en\/wp-json\/wp\/v2\/pages\/2329","targetHints":{"allow":["GET"]}}],"collection":[{"href":"https:\/\/akademie-3.org\/en\/wp-json\/wp\/v2\/pages"}],"about":[{"href":"https:\/\/akademie-3.org\/en\/wp-json\/wp\/v2\/types\/page"}],"author":[{"embeddable":true,"href":"https:\/\/akademie-3.org\/en\/wp-json\/wp\/v2\/users\/1"}],"replies":[{"embeddable":true,"href":"https:\/\/akademie-3.org\/en\/wp-json\/wp\/v2\/comments?post=2329"}],"version-history":[{"count":182,"href":"https:\/\/akademie-3.org\/en\/wp-json\/wp\/v2\/pages\/2329\/revisions"}],"predecessor-version":[{"id":5037,"href":"https:\/\/akademie-3.org\/en\/wp-json\/wp\/v2\/pages\/2329\/revisions\/5037"}],"wp:attachment":[{"href":"https:\/\/akademie-3.org\/en\/wp-json\/wp\/v2\/media?parent=2329"}],"curies":[{"name":"wp","href":"https:\/\/api.w.org\/{rel}","templated":true}]}}