{"id":3018,"date":"2024-07-09T12:58:43","date_gmt":"2024-07-09T10:58:43","guid":{"rendered":"https:\/\/akademie-3.org\/?page_id=3018"},"modified":"2025-05-13T10:36:05","modified_gmt":"2025-05-13T08:36:05","slug":"kontakt","status":"publish","type":"page","link":"https:\/\/akademie-3.org\/en\/kontakt\/","title":{"rendered":"Contact"},"content":{"rendered":"<section class=\"l-section wpb_row height_large\"><div class=\"l-section-h i-cf\"><div class=\"g-cols vc_row via_grid cols_2-1 laptops-cols_inherit tablets-cols_inherit mobiles-cols_1 valign_top type_default stacking_default\"><div class=\"wpb_column vc_column_container\"><div class=\"vc_column-inner\"><h2 class=\"w-text us_custom_9bd7c51b has_text_color\"><span class=\"w-text-h\"><span class=\"w-text-value\">Contact<\/span><\/span><\/h2><div class=\"wpb_text_column us_custom_c5335fac has_text_color\"><div class=\"wpb_wrapper\"><p style=\"text-align: left;\">WE LOOK FORWARD TO YOUR MESSAGE<\/p>\n<\/div><\/div><div class=\"w-separator size_small\"><\/div><div data-us-scroll=\"{&quot;from_initial_position&quot;:&quot;0&quot;,&quot;start_position&quot;:&quot;0%&quot;,&quot;end_position&quot;:&quot;100%&quot;,&quot;delay&quot;:&quot;0.1s&quot;}\" class=\"wpb_text_column us_custom_a3349ed7 has_text_color has_scroll_effects with_collapsible_content\" data-content-height=\"380px\"><div class=\"wpb_wrapper\"><p>We really enjoy getting in touch with other people and gaining new inspiration. If you are interested in finding out more about us, please send us a message using the contact form. We don&#8217;t have a regular newsletter at the moment, but we&#8217;ll be happy to add you to the newsletter list before then.<\/p>\n<\/div><div class=\"toggle-links align_none\"><button class=\"collapsible-content-more\">Show More<\/button><button class=\"collapsible-content-less\">Show Less<\/button><\/div><\/div><\/div><\/div><div class=\"wpb_column vc_column_container\"><div class=\"vc_column-inner\"><\/div><\/div><\/div><\/div><\/section><section class=\"l-section wpb_row height_auto\"><div class=\"l-section-h i-cf\"><div class=\"g-cols vc_row via_grid cols_2 laptops-cols_inherit tablets-cols_inherit mobiles-cols_1 valign_middle type_default stacking_default\"><div class=\"wpb_column vc_column_container us_custom_4684ee78 has_text_color has_bg_color stretched\"><div class=\"vc_column-inner\"><div class=\"w-separator hide_on_tablets hide_on_mobiles size_medium\"><\/div><div class=\"g-cols wpb_row us_custom_9355b8fe via_grid cols_1 laptops-cols_inherit tablets-cols_inherit mobiles-cols_1 valign_top type_default stacking_default\" style=\"--columns-gap:3rem;\"><div class=\"wpb_column vc_column_container\"><div class=\"vc_column-inner\"><div class=\"wpb_text_column us_custom_c97724dc has_text_color\"><div class=\"wpb_wrapper\"><p style=\"text-align: left;\">Your contact person<\/p>\n<\/div><\/div><div class=\"w-separator size_small\"><\/div><div class=\"wpb_text_column\"><div class=\"wpb_wrapper\"><p><span>Christine Teufel<br \/>\n<\/span>Managing Director of the Academy3<\/p>\n<\/div><\/div><div class=\"w-separator size_small\"><\/div><div class=\"w-image us_custom_f0403e71 align_none\"><div class=\"w-image-h\"><img decoding=\"async\" width=\"1024\" height=\"1024\" src=\"https:\/\/akademie-3.org\/wp-content\/uploads\/2024\/05\/Christine-Teufel-1024x1024.webp\" class=\"attachment-large size-large\" alt=\"Christine Teufel\" loading=\"lazy\" srcset=\"https:\/\/akademie-3.org\/wp-content\/uploads\/2024\/05\/Christine-Teufel-1024x1024.webp 1024w, https:\/\/akademie-3.org\/wp-content\/uploads\/2024\/05\/Christine-Teufel-300x300.webp 300w, https:\/\/akademie-3.org\/wp-content\/uploads\/2024\/05\/Christine-Teufel-150x150.webp 150w, https:\/\/akademie-3.org\/wp-content\/uploads\/2024\/05\/Christine-Teufel.webp 1200w\" sizes=\"auto, (max-width: 1024px) 100vw, 1024px\" \/><\/div><\/div><div class=\"w-separator size_large\"><\/div><div class=\"wpb_text_column us_custom_c97724dc has_text_color\"><div class=\"wpb_wrapper\"><p style=\"text-align: left;\">How to reach us<\/p>\n<\/div><\/div><div class=\"w-separator size_small\"><\/div><div class=\"wpb_text_column us_custom_836f727b link-hover-underline has_text_color\"><div class=\"wpb_wrapper\"><div class=\"gdlr-core-pbf-element\">\n<div id=\"gdlr-core-title-item-3\" class=\"gdlr-core-title-item gdlr-core-item-pdb clearfix gdlr-core-left-align gdlr-core-title-item-caption-bottom gdlr-core-item-pdlr\"><span class=\"gdlr-core-title-item-caption gdlr-core-info-font gdlr-core-skin-caption\">Akademie3 Stiftung Neue<br \/>\nPlatonische Akademie gGmbH<br \/>\nc\/o Office Christoph Quarch<br \/>\nPostfach 16 43 36006 Fulda<\/span><\/div>\n<div><\/div>\n<div class=\"gdlr-core-title-item gdlr-core-item-pdb clearfix gdlr-core-left-align gdlr-core-title-item-caption-bottom gdlr-core-item-pdlr\">E-Mail: <a style=\"color: var(--color-content-bg) !important;\" href=\"mailto:christine.teufel@akademie-3.org\">christine.teufel@akademie-3.org<\/a><\/div>\n<\/div>\n<div class=\"gdlr-core-pbf-element\">\n<div class=\"gdlr-core-text-box-item gdlr-core-item-pdlr gdlr-core-item-pdb gdlr-core-left-align\">\n<div class=\"gdlr-core-text-box-item-content\">\n<p>Tel. <a style=\"color: var(--color-content-bg) !important;\" href=\"tel:+496619525954\">+49 661 9525954<\/a><br \/>\nmobil <a style=\"color: var(--color-content-bg) !important;\" href=\"tel:+491759200129\">+49 175 9200 129<\/a><\/p>\n<\/div>\n<\/div>\n<\/div>\n<\/div><\/div><\/div><\/div><\/div><div class=\"w-separator hide_on_tablets hide_on_mobiles size_medium\"><\/div><\/div><\/div><div class=\"wpb_column vc_column_container us_custom_14e423c4\"><div class=\"vc_column-inner\">\n<div class=\"wpcf7 no-js\" id=\"wpcf7-f4101-o1\" lang=\"en-US\" dir=\"ltr\" data-wpcf7-id=\"4101\">\n<div class=\"screen-reader-response\"><p role=\"status\" aria-live=\"polite\" aria-atomic=\"true\"><\/p> <ul><\/ul><\/div>\n<form action=\"\/en\/wp-json\/wp\/v2\/pages\/3018#wpcf7-f4101-o1\" method=\"post\" class=\"wpcf7-form init\" aria-label=\"Contact form\" novalidate=\"novalidate\" data-status=\"init\">\n<fieldset class=\"hidden-fields-container\"><input type=\"hidden\" name=\"_wpcf7\" value=\"4101\" \/><input type=\"hidden\" name=\"_wpcf7_version\" value=\"6.1.5\" \/><input type=\"hidden\" name=\"_wpcf7_locale\" value=\"en_US\" \/><input type=\"hidden\" name=\"_wpcf7_unit_tag\" value=\"wpcf7-f4101-o1\" \/><input type=\"hidden\" name=\"_wpcf7_container_post\" value=\"0\" \/><input type=\"hidden\" name=\"_wpcf7_posted_data_hash\" value=\"\" \/><input type=\"hidden\" name=\"_wpcf7cf_hidden_group_fields\" value=\"[]\" \/><input type=\"hidden\" name=\"_wpcf7cf_hidden_groups\" value=\"[]\" \/><input type=\"hidden\" name=\"_wpcf7cf_visible_groups\" value=\"[]\" \/><input type=\"hidden\" name=\"_wpcf7cf_repeaters\" value=\"[]\" \/><input type=\"hidden\" name=\"_wpcf7cf_steps\" value=\"{}\" \/><input type=\"hidden\" name=\"_wpcf7cf_options\" value=\"{&quot;form_id&quot;:4101,&quot;conditions&quot;:[],&quot;settings&quot;:{&quot;animation&quot;:&quot;yes&quot;,&quot;animation_intime&quot;:200,&quot;animation_outtime&quot;:200,&quot;conditions_ui&quot;:&quot;normal&quot;,&quot;notice_dismissed&quot;:false,&quot;notice_dismissed_rollback-cf7-5.9.4&quot;:true,&quot;notice_dismissed_rollback-cf7-6.0&quot;:true}}\" \/>\n<\/fieldset>\n<div>\n\t<p style=\"margin-bottom: 0;\">Name <span style=\"color:var(--color-blackberry); font-weight: bold;\">*<\/span>\n\t<\/p>\n\t<div style=\"display: flex; flex-direction: row; column-gap: 1rem; margin-bottom: 1.5rem;\">\n\t\t<div>\n\t\t\t<p><span class=\"wpcf7-form-control-wrap\" data-name=\"input-first-name\"><input size=\"40\" maxlength=\"400\" class=\"wpcf7-form-control wpcf7-text wpcf7-validates-as-required\" autocomplete=\"given-name\" aria-required=\"true\" aria-invalid=\"false\" placeholder=\"Prename\" value=\"\" type=\"text\" name=\"input-first-name\" \/><\/span>\n\t\t\t<\/p>\n\t\t<\/div>\n\t\t<div>\n\t\t\t<p><span class=\"wpcf7-form-control-wrap\" data-name=\"input-last-name\"><input size=\"40\" maxlength=\"400\" class=\"wpcf7-form-control wpcf7-text wpcf7-validates-as-required\" autocomplete=\"family-name\" aria-required=\"true\" aria-invalid=\"false\" placeholder=\"Lastname\" value=\"\" type=\"text\" name=\"input-last-name\" \/><\/span>\n\t\t\t<\/p>\n\t\t<\/div>\n\t<\/div>\n<\/div>\n<p><label> E-Mail <span style=\"color:var(--color-blackberry); font-weight: bold;\">*<\/span><br \/>\n<span class=\"wpcf7-form-control-wrap\" data-name=\"input-email\"><input size=\"40\" maxlength=\"400\" class=\"wpcf7-form-control wpcf7-email wpcf7-validates-as-required wpcf7-text wpcf7-validates-as-email\" autocomplete=\"email\" aria-required=\"true\" aria-invalid=\"false\" value=\"\" type=\"email\" name=\"input-email\" \/><\/span> <\/label>\n<\/p>\n<p><label> Your Message <span style=\"color:var(--color-blackberry); font-weight: bold;\">*<\/span><br \/>\n<span class=\"wpcf7-form-control-wrap\" data-name=\"your-message\"><textarea cols=\"40\" rows=\"10\" maxlength=\"2000\" class=\"wpcf7-form-control wpcf7-textarea wpcf7-validates-as-required\" aria-required=\"true\" aria-invalid=\"false\" name=\"your-message\"><\/textarea><\/span> <\/label>\n<\/p>\n<p><span id=\"ai1ic-2JKk8\" data-toggle=\"\" class=\"cf7ic-loader\">Loading...<\/span>\n<\/p>\n<p><input class=\"wpcf7-form-control wpcf7-submit has-spinner\" type=\"submit\" value=\"Send\" \/>\n<\/p><div class=\"wpcf7-response-output\" aria-hidden=\"true\"><\/div>\n<\/form>\n<\/div>\n<\/div><\/div><\/div><\/div><\/section>\n","protected":false},"excerpt":{"rendered":"{:de}KontaktWIR FREUEN UNS AUF DEINE NACHRICHT Wir haben gro\u00dfe Freude daran, mit anderen Menschen in Kontakt zu treten und neue Impulse zu bekommen. Wenn Du daran interessiert bist, mehr \u00fcber uns zu erfahren, dann schicke uns eine Nachricht \u00fcber das Kontaktformular. Derzeit haben wir noch keinen regelm\u00e4\u00dfigen Newsletter, dieser kommt, gerne k\u00f6nnen wir dich vorher...","protected":false},"author":1,"featured_media":0,"parent":0,"menu_order":0,"comment_status":"closed","ping_status":"closed","template":"","meta":{"_acf_changed":false,"footnotes":""},"class_list":["post-3018","page","type-page","status-publish","hentry"],"translation":{"provider":"WPGlobus","version":"3.0.2","language":"en","enabled_languages":["de","en"],"languages":{"de":{"title":true,"content":true,"excerpt":false},"en":{"title":true,"content":true,"excerpt":false}}},"acf":[],"yoast_head":"<!-- This site is optimized with the Yoast SEO plugin v27.3 - https:\/\/yoast.com\/product\/yoast-seo-wordpress\/ -->\n<title>Contact - Akademie 3<\/title>\n<meta name=\"robots\" content=\"index, follow, max-snippet:-1, max-image-preview:large, max-video-preview:-1\" \/>\n<link rel=\"canonical\" href=\"https:\/\/akademie-3.org\/kontakt\/\" \/>\n<meta property=\"og:locale\" content=\"en_US\" \/>\n<meta property=\"og:type\" content=\"article\" \/>\n<meta property=\"og:title\" content=\"Contact - Akademie 3\" \/>\n<meta property=\"og:url\" content=\"https:\/\/akademie-3.org\/kontakt\/\" \/>\n<meta property=\"og:site_name\" content=\"Akademie 3\" \/>\n<meta property=\"article:modified_time\" content=\"2025-05-13T08:36:05+00:00\" \/>\n<meta name=\"twitter:card\" content=\"summary_large_image\" \/>\n<meta name=\"twitter:label1\" content=\"Est. reading time\" \/>\n\t<meta name=\"twitter:data1\" content=\"1 minute\" \/>\n<script type=\"application\/ld+json\" class=\"yoast-schema-graph\">{\"@context\":\"https:\\\/\\\/schema.org\",\"@graph\":[{\"@type\":\"WebPage\",\"@id\":\"https:\\\/\\\/akademie-3.org\\\/kontakt\\\/\",\"url\":\"https:\\\/\\\/akademie-3.org\\\/kontakt\\\/\",\"name\":\"Contact - Akademie 3\",\"isPartOf\":{\"@id\":\"https:\\\/\\\/akademie-3.org\\\/#website\"},\"datePublished\":\"2024-07-09T10:58:43+00:00\",\"dateModified\":\"2025-05-13T08:36:05+00:00\",\"breadcrumb\":{\"@id\":\"https:\\\/\\\/akademie-3.org\\\/kontakt\\\/#breadcrumb\"},\"inLanguage\":\"en-US\",\"potentialAction\":[{\"@type\":\"ReadAction\",\"target\":[\"https:\\\/\\\/akademie-3.org\\\/kontakt\\\/\"]}]},{\"@type\":\"BreadcrumbList\",\"@id\":\"https:\\\/\\\/akademie-3.org\\\/kontakt\\\/#breadcrumb\",\"itemListElement\":[{\"@type\":\"ListItem\",\"position\":1,\"name\":\"Home\",\"item\":\"https:\\\/\\\/akademie-3.org\\\/\"},{\"@type\":\"ListItem\",\"position\":2,\"name\":\"Kontakt\"}]},{\"@type\":\"WebSite\",\"@id\":\"https:\\\/\\\/akademie-3.org\\\/#website\",\"url\":\"https:\\\/\\\/akademie-3.org\\\/\",\"name\":\"Akademie 3\",\"description\":\"\",\"potentialAction\":[{\"@type\":\"SearchAction\",\"target\":{\"@type\":\"EntryPoint\",\"urlTemplate\":\"https:\\\/\\\/akademie-3.org\\\/?s={search_term_string}\"},\"query-input\":{\"@type\":\"PropertyValueSpecification\",\"valueRequired\":true,\"valueName\":\"search_term_string\"}}],\"inLanguage\":\"en-US\"}]}<\/script>\n<!-- \/ Yoast SEO plugin. -->","yoast_head_json":{"title":"Contact - Akademie 3","robots":{"index":"index","follow":"follow","max-snippet":"max-snippet:-1","max-image-preview":"max-image-preview:large","max-video-preview":"max-video-preview:-1"},"canonical":"https:\/\/akademie-3.org\/kontakt\/","og_locale":"en_US","og_type":"article","og_title":"Contact - Akademie 3","og_url":"https:\/\/akademie-3.org\/kontakt\/","og_site_name":"Akademie 3","article_modified_time":"2025-05-13T08:36:05+00:00","twitter_card":"summary_large_image","twitter_misc":{"Est. reading time":"1 minute"},"schema":{"@context":"https:\/\/schema.org","@graph":[{"@type":"WebPage","@id":"https:\/\/akademie-3.org\/kontakt\/","url":"https:\/\/akademie-3.org\/kontakt\/","name":"Contact - Akademie 3","isPartOf":{"@id":"https:\/\/akademie-3.org\/#website"},"datePublished":"2024-07-09T10:58:43+00:00","dateModified":"2025-05-13T08:36:05+00:00","breadcrumb":{"@id":"https:\/\/akademie-3.org\/kontakt\/#breadcrumb"},"inLanguage":"en-US","potentialAction":[{"@type":"ReadAction","target":["https:\/\/akademie-3.org\/kontakt\/"]}]},{"@type":"BreadcrumbList","@id":"https:\/\/akademie-3.org\/kontakt\/#breadcrumb","itemListElement":[{"@type":"ListItem","position":1,"name":"Home","item":"https:\/\/akademie-3.org\/"},{"@type":"ListItem","position":2,"name":"Kontakt"}]},{"@type":"WebSite","@id":"https:\/\/akademie-3.org\/#website","url":"https:\/\/akademie-3.org\/","name":"Akademie 3","description":"","potentialAction":[{"@type":"SearchAction","target":{"@type":"EntryPoint","urlTemplate":"https:\/\/akademie-3.org\/?s={search_term_string}"},"query-input":{"@type":"PropertyValueSpecification","valueRequired":true,"valueName":"search_term_string"}}],"inLanguage":"en-US"}]}},"publishpress_future_action":{"enabled":false,"date":"2026-04-22 00:51:56","action":"change-status","newStatus":"draft","terms":[],"taxonomy":"","extraData":[]},"publishpress_future_workflow_manual_trigger":{"enabledWorkflows":[]},"_links":{"self":[{"href":"https:\/\/akademie-3.org\/en\/wp-json\/wp\/v2\/pages\/3018","targetHints":{"allow":["GET"]}}],"collection":[{"href":"https:\/\/akademie-3.org\/en\/wp-json\/wp\/v2\/pages"}],"about":[{"href":"https:\/\/akademie-3.org\/en\/wp-json\/wp\/v2\/types\/page"}],"author":[{"embeddable":true,"href":"https:\/\/akademie-3.org\/en\/wp-json\/wp\/v2\/users\/1"}],"replies":[{"embeddable":true,"href":"https:\/\/akademie-3.org\/en\/wp-json\/wp\/v2\/comments?post=3018"}],"version-history":[{"count":45,"href":"https:\/\/akademie-3.org\/en\/wp-json\/wp\/v2\/pages\/3018\/revisions"}],"predecessor-version":[{"id":4636,"href":"https:\/\/akademie-3.org\/en\/wp-json\/wp\/v2\/pages\/3018\/revisions\/4636"}],"wp:attachment":[{"href":"https:\/\/akademie-3.org\/en\/wp-json\/wp\/v2\/media?parent=3018"}],"curies":[{"name":"wp","href":"https:\/\/api.w.org\/{rel}","templated":true}]}}