{"id":3359,"date":"2024-07-16T13:41:56","date_gmt":"2024-07-16T11:41:56","guid":{"rendered":"https:\/\/akademie-3.org\/?page_id=3359"},"modified":"2025-11-14T12:26:18","modified_gmt":"2025-11-14T11:26:18","slug":"blog","status":"publish","type":"page","link":"https:\/\/akademie-3.org\/en\/blog\/","title":{"rendered":"Blog"},"content":{"rendered":"<section class=\"l-section wpb_row height_medium\"><div class=\"l-section-h i-cf\"><div class=\"g-cols vc_row via_grid cols_custom laptops-cols_inherit tablets-cols_inherit mobiles-cols_1 valign_top type_default stacking_default\" style=\"--custom-columns:0.5fr 5fr 0.5fr \"><div class=\"wpb_column vc_column_container\"><div class=\"vc_column-inner\"><\/div><\/div><div class=\"wpb_column vc_column_container\"><div class=\"vc_column-inner\"><div class=\"g-cols wpb_row via_grid cols_2 laptops-cols_inherit tablets-cols_inherit mobiles-cols_1 valign_middle type_default stacking_default\" style=\"--columns-gap:3rem;\"><div class=\"wpb_column vc_column_container\"><div class=\"vc_column-inner\"><h1 class=\"w-text us_custom_a1abe430\"><span class=\"w-text-h\"><span class=\"w-text-value\">Blog<\/span><\/span><\/h1><\/div><\/div><div class=\"wpb_column vc_column_container\"><div class=\"vc_column-inner\"><div class=\"wpb_text_column\"><div class=\"wpb_wrapper\"><h5>Lorem ipsum dolor sit amet, consetetur sadipscing elitr, sed diam nonumy eirmod tempor invidunt ut labore et dolore magna aliquyam erat.<\/h5>\n<\/div><\/div><\/div><\/div><\/div><div class=\"w-separator size_medium\"><\/div><div class=\"w-grid us_post_list type_grid layout_blog_13 cols_1 pagination_load_on_scroll preload_style_spinner\" id=\"us_post_list_mcb6\" style=\"--columns:1;--gap:3rem;\"><style>.layout_blog_13 .w-grid-item-h{}@media(max-width:479px){.layout_blog_13 .usg_post_image_1{display:none!important}}.layout_blog_13 .usg_hwrapper_1{color:var(--color-content-text)!important;margin-right:10%!important;padding-top:6%!important;padding-bottom:6%!important;background:var(--color-content-bg-alt)!important}.layout_blog_13 .usg_vwrapper_1{width:48%!important;margin-left:6%!important;margin-right:0!important}.layout_blog_13 .usg_post_image_1{width:50%!important;margin-left:7%!important;margin-right:-11%!important}.layout_blog_13 .usg_post_date_1{font-size:0.9rem!important}.layout_blog_13 .usg_post_title_1{font-weight:700!important;line-height:1.2!important}.layout_blog_13 .usg_post_content_1{font-size:0.9rem!important}@media (max-width:600px){.layout_blog_13 .usg_hwrapper_1{margin-left:0!important;margin-right:0!important;padding-top:0!important;padding-bottom:0!important}.layout_blog_13 .usg_vwrapper_1{width:86%!important;margin:7% 7% 5% 7%!important}.layout_blog_13 .usg_post_image_1{width:100%!important;margin-left:0!important;margin-right:0!important}}<\/style><div class=\"w-grid-list\">\t<article class=\"w-grid-item size_1x1 post-5162 blog type-blog status-publish has-post-thumbnail hentry\" data-id=\"5162\">\r\n\t\t<div class=\"w-grid-item-h\">\r\n\t\t\t\t\t\t<div class=\"w-hwrapper usg_hwrapper_1 has_text_color align_none valign_center wrap\"><div class=\"w-vwrapper usg_vwrapper_1 align_none valign_top\"><time class=\"w-post-elm post_date usg_post_date_1 entry-date published\" datetime=\"2026-01-20T16:38:42+01:00\" title=\"20 January 2026 at 16:38:42 Europe\/Berlin\">3 months ago<\/time><h2 class=\"w-post-elm post_title usg_post_title_1 entry-title color_link_inherit\"><a href=\"https:\/\/akademie-3.org\/en\/blog\/insel-der-humanitaet\/\">Insel der Humanit\u00e4t<\/a><\/h2><div class=\"w-post-elm post_content usg_post_content_1\">Wie Europa seiner historischen Mission gerecht werden kann. Vier Vorschl\u00e4ge. Europa ist alt geworden. Sie ist nicht mehr die strahlende K\u00f6nigstochter, in die sich einst ein Gott verliebte. Damals war&hellip;<\/div><\/div><div class=\"w-post-elm post_image usg_post_image_1 has_width stretched\"><a href=\"https:\/\/akademie-3.org\/en\/blog\/insel-der-humanitaet\/\" aria-label=\"Insel der Humanit\u00e4t\"><img loading=\"lazy\" decoding=\"async\" width=\"300\" height=\"169\" src=\"https:\/\/akademie-3.org\/wp-content\/uploads\/2026\/01\/IMG_20220606_204703-300x169.jpg\" class=\"attachment-medium size-medium wp-post-image\" alt=\"\" srcset=\"https:\/\/akademie-3.org\/wp-content\/uploads\/2026\/01\/IMG_20220606_204703-300x169.jpg 300w, https:\/\/akademie-3.org\/wp-content\/uploads\/2026\/01\/IMG_20220606_204703-1024x577.jpg 1024w, https:\/\/akademie-3.org\/wp-content\/uploads\/2026\/01\/IMG_20220606_204703-200x113.jpg 200w\" sizes=\"auto, (max-width: 300px) 100vw, 300px\" \/><\/a><\/div><\/div>\t\t<\/div>\r\n\t\t\t<\/article>\r\n\t<article class=\"w-grid-item size_1x1 post-4910 blog type-blog status-publish has-post-thumbnail hentry\" data-id=\"4910\">\r\n\t\t<div class=\"w-grid-item-h\">\r\n\t\t\t\t\t\t<div class=\"w-hwrapper usg_hwrapper_1 has_text_color align_none valign_center wrap\"><div class=\"w-vwrapper usg_vwrapper_1 align_none valign_top\"><time class=\"w-post-elm post_date usg_post_date_1 entry-date published\" datetime=\"2025-10-30T14:01:00+01:00\" title=\"30 October 2025 at 14:01:00 Europe\/Berlin\">6 months ago<\/time><h2 class=\"w-post-elm post_title usg_post_title_1 entry-title color_link_inherit\"><a href=\"https:\/\/akademie-3.org\/en\/blog\/denken-lernen-unser-erstes-curriculum\/\">Denken lernen | unser erstes Curriculum startet in 2026<\/a><\/h2><div class=\"w-post-elm post_content usg_post_content_1\">DIE WEISHEIT DER GRIECHEN F\u00dcR DIE WELT VON MORGEN | Ein Curriculum Hintergrund und Bedeutung\u00a0 Wir leben in einer Zeit der geistigen Agonie. Inmitten von Dauerkrisen, \u00dcberforderung, Informationsflut und Wertezerfall&hellip;<\/div><\/div><div class=\"w-post-elm post_image usg_post_image_1 has_width stretched\"><a href=\"https:\/\/akademie-3.org\/en\/blog\/denken-lernen-unser-erstes-curriculum\/\" aria-label=\"Denken lernen | unser erstes Curriculum startet in 2026\"><img loading=\"lazy\" decoding=\"async\" width=\"300\" height=\"198\" src=\"https:\/\/akademie-3.org\/wp-content\/uploads\/2025\/10\/1000256032-300x198.jpg\" class=\"attachment-medium size-medium wp-post-image\" alt=\"\" srcset=\"https:\/\/akademie-3.org\/wp-content\/uploads\/2025\/10\/1000256032-300x198.jpg 300w, https:\/\/akademie-3.org\/wp-content\/uploads\/2025\/10\/1000256032-1024x676.jpg 1024w, https:\/\/akademie-3.org\/wp-content\/uploads\/2025\/10\/1000256032-200x132.jpg 200w, https:\/\/akademie-3.org\/wp-content\/uploads\/2025\/10\/1000256032.jpg 1636w\" sizes=\"auto, (max-width: 300px) 100vw, 300px\" \/><\/a><\/div><\/div>\t\t<\/div>\r\n\t\t\t<\/article>\r\n\t<article class=\"w-grid-item size_1x1 post-4671 blog type-blog status-publish has-post-thumbnail hentry\" data-id=\"4671\">\r\n\t\t<div class=\"w-grid-item-h\">\r\n\t\t\t\t\t\t<div class=\"w-hwrapper usg_hwrapper_1 has_text_color align_none valign_center wrap\"><div class=\"w-vwrapper usg_vwrapper_1 align_none valign_top\"><time class=\"w-post-elm post_date usg_post_date_1 entry-date published\" datetime=\"2025-08-31T17:05:56+02:00\" title=\"31 August 2025 at 17:05:56 Europe\/Berlin\">8 months ago<\/time><h2 class=\"w-post-elm post_title usg_post_title_1 entry-title color_link_inherit\"><a href=\"https:\/\/akademie-3.org\/en\/blog\/unsere-dritte-summerschool-dialogdemokratie-ist-ausgebucht\/\">Unsere dritte SummerSchool &#8220;Dialog&#038;Demokratie&#8221; ist ausgebucht<\/a><\/h2><div class=\"w-post-elm post_content usg_post_content_1\">Vom 4. bis 7.9.25 sind wir mit unserer dritten SummerSchool in Sche\u00dflitz zugange und wie die Jahre davor ist auch diese Veranstaltung ausgebucht. Besonders freuen wir uns, dass wir so&hellip;<\/div><\/div><div class=\"w-post-elm post_image usg_post_image_1 has_width stretched\"><a href=\"https:\/\/akademie-3.org\/en\/blog\/unsere-dritte-summerschool-dialogdemokratie-ist-ausgebucht\/\" aria-label=\"Unsere dritte SummerSchool &#8220;Dialog&#038;Demokratie&#8221; ist ausgebucht\"><img loading=\"lazy\" decoding=\"async\" width=\"197\" height=\"300\" src=\"https:\/\/akademie-3.org\/wp-content\/uploads\/2025\/08\/SummerSchool_2025_Web_Flyer_Seite_1-197x300.jpg\" class=\"attachment-medium size-medium wp-post-image\" alt=\"\" srcset=\"https:\/\/akademie-3.org\/wp-content\/uploads\/2025\/08\/SummerSchool_2025_Web_Flyer_Seite_1-197x300.jpg 197w, https:\/\/akademie-3.org\/wp-content\/uploads\/2025\/08\/SummerSchool_2025_Web_Flyer_Seite_1-672x1024.jpg 672w, https:\/\/akademie-3.org\/wp-content\/uploads\/2025\/08\/SummerSchool_2025_Web_Flyer_Seite_1-scaled.jpg 1679w\" sizes=\"auto, (max-width: 197px) 100vw, 197px\" \/><\/a><\/div><\/div>\t\t<\/div>\r\n\t\t\t<\/article>\r\n<\/div><div class=\"g-loadmore\"><div class=\"g-preloader type_1\"><div><\/div><\/div><\/div><div class=\"w-grid-list-json hidden\" onclick='return {&quot;max_num_pages&quot;:2,&quot;paginationBase&quot;:&quot;page&quot;,&quot;pagination&quot;:&quot;load_on_scroll&quot;,&quot;paged&quot;:1,&quot;ajaxData&quot;:{&quot;action&quot;:&quot;us_ajax_post_list&quot;,&quot;meta_type&quot;:&quot;post&quot;,&quot;object_id&quot;:0,&quot;template_vars&quot;:{&quot;shortcode_base&quot;:&quot;us_post_list&quot;,&quot;paged&quot;:1,&quot;max_num_pages&quot;:2,&quot;no_results&quot;:false,&quot;us_post_content_design_css&quot;:[],&quot;found_posts&quot;:5,&quot;per_page&quot;:3,&quot;items_count&quot;:3,&quot;orderby_random_seed&quot;:null,&quot;source&quot;:&quot;all&quot;,&quot;custom_field_name&quot;:&quot;&quot;,&quot;ids&quot;:&quot;&quot;,&quot;post_type&quot;:&quot;blog&quot;,&quot;attachment_ids&quot;:null,&quot;include_post_thumbnail&quot;:0,&quot;post_author&quot;:&quot;any&quot;,&quot;post_author_ids&quot;:&quot;&quot;,&quot;apply_url_params&quot;:0,&quot;ignore_sticky_posts&quot;:1,&quot;exclude_children&quot;:0,&quot;exclude_current_post&quot;:&quot;0&quot;,&quot;exclude_prev_posts&quot;:0,&quot;exclude_past_events&quot;:0,&quot;enable_items_offset&quot;:0,&quot;items_offset&quot;:&quot;1&quot;,&quot;tax_query_relation&quot;:&quot;none&quot;,&quot;tax_query&quot;:[{&quot;operator&quot;:&quot;IN&quot;,&quot;taxonomy&quot;:&quot;category&quot;,&quot;terms&quot;:&quot;&quot;,&quot;include_children&quot;:0}],&quot;meta_query_relation&quot;:&quot;none&quot;,&quot;meta_query&quot;:[{&quot;key&quot;:&quot;custom_field_name&quot;,&quot;compare&quot;:&quot;=&quot;,&quot;value&quot;:&quot;&quot;}],&quot;orderby&quot;:&quot;date&quot;,&quot;orderby_custom_field&quot;:&quot;&quot;,&quot;orderby_custom_type&quot;:0,&quot;order_invert&quot;:&quot;1&quot;,&quot;show_all&quot;:0,&quot;quantity&quot;:&quot;3&quot;,&quot;posts_per_archive_page&quot;:0,&quot;no_items_action&quot;:&quot;message&quot;,&quot;no_items_message&quot;:&quot;No results found.&quot;,&quot;no_items_page_block&quot;:&quot;&quot;,&quot;pagination&quot;:&quot;load_on_scroll&quot;,&quot;pagination_style&quot;:&quot;&quot;,&quot;pagination_btn_text&quot;:&quot;Load More&quot;,&quot;pagination_btn_size&quot;:&quot;&quot;,&quot;pagination_btn_style&quot;:&quot;1&quot;,&quot;pagination_btn_fullwidth&quot;:0,&quot;items_layout&quot;:&quot;blog_13&quot;,&quot;type&quot;:&quot;grid&quot;,&quot;items_valign&quot;:0,&quot;ignore_items_size&quot;:0,&quot;columns&quot;:&quot;1&quot;,&quot;items_gap&quot;:&quot;3rem&quot;,&quot;load_animation&quot;:&quot;none&quot;,&quot;items_preload_style&quot;:&quot;spinner&quot;,&quot;img_size&quot;:&quot;medium&quot;,&quot;title_size&quot;:&quot;&quot;,&quot;items_ratio&quot;:&quot;default&quot;,&quot;items_ratio_width&quot;:&quot;21&quot;,&quot;items_ratio_height&quot;:&quot;9&quot;,&quot;overriding_link&quot;:&quot;%7B%22url%22%3A%22%22%7D&quot;,&quot;popup_page_template&quot;:&quot;0&quot;,&quot;popup_width&quot;:&quot;&quot;,&quot;popup_arrows&quot;:1,&quot;breakpoint_1_width&quot;:&quot;1281px&quot;,&quot;breakpoint_1_cols&quot;:&quot;default&quot;,&quot;breakpoint_1_quantity&quot;:&quot;&quot;,&quot;breakpoint_1_gap&quot;:&quot;&quot;,&quot;breakpoint_2_width&quot;:&quot;1025px&quot;,&quot;breakpoint_2_cols&quot;:&quot;1&quot;,&quot;breakpoint_2_quantity&quot;:&quot;&quot;,&quot;breakpoint_2_gap&quot;:&quot;&quot;,&quot;breakpoint_3_width&quot;:&quot;601px&quot;,&quot;breakpoint_3_cols&quot;:&quot;1&quot;,&quot;breakpoint_3_quantity&quot;:&quot;&quot;,&quot;breakpoint_3_gap&quot;:&quot;&quot;,&quot;conditions_operator&quot;:&quot;always&quot;,&quot;conditions&quot;:[],&quot;css&quot;:null,&quot;el_class&quot;:&quot;&quot;,&quot;el_id&quot;:&quot;&quot;,&quot;enable_custom_html_atts&quot;:0,&quot;custom_html_atts&quot;:null,&quot;hide_on_states&quot;:&quot;&quot;,&quot;hide_for_sticky&quot;:0,&quot;hide_for_not_sticky&quot;:0,&quot;hide_below&quot;:&quot;0px&quot;,&quot;hide_above&quot;:&quot;0px&quot;,&quot;classes&quot;:&quot;&quot;},&quot;found_posts&quot;:5,&quot;per_page&quot;:3},&quot;facetedFilter&quot;:[]}'><\/div><\/div><\/div><\/div><div class=\"wpb_column vc_column_container\"><div class=\"vc_column-inner\"><\/div><\/div><\/div><\/div><\/section>\n","protected":false},"excerpt":{"rendered":"Vom 4. bis 7.9.25 sind wir mit unserer dritten SummerSchool in Sche\u00dflitz zugange und wie die Jahre davor ist auch diese Veranstaltung ausgebucht. Besonders freuen wir uns, dass wir so viele junge Erwachsene begr\u00fc\u00dfen d\u00fcrfen. Der Austausch zwischen den Generationen ist unglaublich wichtig und wertvoll. Wir werden die Ergebnisse der SummerSchool als Podcasts und Post...","protected":false},"author":1,"featured_media":0,"parent":0,"menu_order":0,"comment_status":"closed","ping_status":"closed","template":"","meta":{"_acf_changed":false,"footnotes":""},"class_list":["post-3359","page","type-page","status-publish","hentry"],"translation":{"provider":"WPGlobus","version":"3.0.2","language":"en","enabled_languages":["de","en"],"languages":{"de":{"title":true,"content":true,"excerpt":false},"en":{"title":true,"content":true,"excerpt":false}}},"acf":[],"yoast_head":"<!-- This site is optimized with the Yoast SEO plugin v27.3 - https:\/\/yoast.com\/product\/yoast-seo-wordpress\/ -->\n<title>Blog - Akademie 3<\/title>\n<meta name=\"robots\" content=\"index, follow, max-snippet:-1, max-image-preview:large, max-video-preview:-1\" \/>\n<link rel=\"canonical\" href=\"https:\/\/akademie-3.org\/blog\/\" \/>\n<meta property=\"og:locale\" content=\"en_US\" \/>\n<meta property=\"og:type\" content=\"article\" \/>\n<meta property=\"og:title\" content=\"Blog - Akademie 3\" \/>\n<meta property=\"og:url\" content=\"https:\/\/akademie-3.org\/blog\/\" \/>\n<meta property=\"og:site_name\" content=\"Akademie 3\" \/>\n<meta property=\"article:modified_time\" content=\"2025-11-14T11:26:18+00:00\" \/>\n<meta name=\"twitter:card\" content=\"summary_large_image\" \/>\n<meta name=\"twitter:label1\" content=\"Est. reading time\" \/>\n\t<meta name=\"twitter:data1\" content=\"1 minute\" \/>\n<script type=\"application\/ld+json\" class=\"yoast-schema-graph\">{\"@context\":\"https:\\\/\\\/schema.org\",\"@graph\":[{\"@type\":\"WebPage\",\"@id\":\"https:\\\/\\\/akademie-3.org\\\/blog\\\/\",\"url\":\"https:\\\/\\\/akademie-3.org\\\/blog\\\/\",\"name\":\"Blog - Akademie 3\",\"isPartOf\":{\"@id\":\"https:\\\/\\\/akademie-3.org\\\/#website\"},\"datePublished\":\"2024-07-16T11:41:56+00:00\",\"dateModified\":\"2025-11-14T11:26:18+00:00\",\"breadcrumb\":{\"@id\":\"https:\\\/\\\/akademie-3.org\\\/blog\\\/#breadcrumb\"},\"inLanguage\":\"en-US\",\"potentialAction\":[{\"@type\":\"ReadAction\",\"target\":[\"https:\\\/\\\/akademie-3.org\\\/blog\\\/\"]}]},{\"@type\":\"BreadcrumbList\",\"@id\":\"https:\\\/\\\/akademie-3.org\\\/blog\\\/#breadcrumb\",\"itemListElement\":[{\"@type\":\"ListItem\",\"position\":1,\"name\":\"Home\",\"item\":\"https:\\\/\\\/akademie-3.org\\\/\"},{\"@type\":\"ListItem\",\"position\":2,\"name\":\"Blog\"}]},{\"@type\":\"WebSite\",\"@id\":\"https:\\\/\\\/akademie-3.org\\\/#website\",\"url\":\"https:\\\/\\\/akademie-3.org\\\/\",\"name\":\"Akademie 3\",\"description\":\"\",\"potentialAction\":[{\"@type\":\"SearchAction\",\"target\":{\"@type\":\"EntryPoint\",\"urlTemplate\":\"https:\\\/\\\/akademie-3.org\\\/?s={search_term_string}\"},\"query-input\":{\"@type\":\"PropertyValueSpecification\",\"valueRequired\":true,\"valueName\":\"search_term_string\"}}],\"inLanguage\":\"en-US\"}]}<\/script>\n<!-- \/ Yoast SEO plugin. -->","yoast_head_json":{"title":"Blog - Akademie 3","robots":{"index":"index","follow":"follow","max-snippet":"max-snippet:-1","max-image-preview":"max-image-preview:large","max-video-preview":"max-video-preview:-1"},"canonical":"https:\/\/akademie-3.org\/blog\/","og_locale":"en_US","og_type":"article","og_title":"Blog - Akademie 3","og_url":"https:\/\/akademie-3.org\/blog\/","og_site_name":"Akademie 3","article_modified_time":"2025-11-14T11:26:18+00:00","twitter_card":"summary_large_image","twitter_misc":{"Est. reading time":"1 minute"},"schema":{"@context":"https:\/\/schema.org","@graph":[{"@type":"WebPage","@id":"https:\/\/akademie-3.org\/blog\/","url":"https:\/\/akademie-3.org\/blog\/","name":"Blog - Akademie 3","isPartOf":{"@id":"https:\/\/akademie-3.org\/#website"},"datePublished":"2024-07-16T11:41:56+00:00","dateModified":"2025-11-14T11:26:18+00:00","breadcrumb":{"@id":"https:\/\/akademie-3.org\/blog\/#breadcrumb"},"inLanguage":"en-US","potentialAction":[{"@type":"ReadAction","target":["https:\/\/akademie-3.org\/blog\/"]}]},{"@type":"BreadcrumbList","@id":"https:\/\/akademie-3.org\/blog\/#breadcrumb","itemListElement":[{"@type":"ListItem","position":1,"name":"Home","item":"https:\/\/akademie-3.org\/"},{"@type":"ListItem","position":2,"name":"Blog"}]},{"@type":"WebSite","@id":"https:\/\/akademie-3.org\/#website","url":"https:\/\/akademie-3.org\/","name":"Akademie 3","description":"","potentialAction":[{"@type":"SearchAction","target":{"@type":"EntryPoint","urlTemplate":"https:\/\/akademie-3.org\/?s={search_term_string}"},"query-input":{"@type":"PropertyValueSpecification","valueRequired":true,"valueName":"search_term_string"}}],"inLanguage":"en-US"}]}},"publishpress_future_action":{"enabled":false,"date":"2026-04-21 10:12:42","action":"change-status","newStatus":"draft","terms":[],"taxonomy":"","extraData":[]},"publishpress_future_workflow_manual_trigger":{"enabledWorkflows":[]},"_links":{"self":[{"href":"https:\/\/akademie-3.org\/en\/wp-json\/wp\/v2\/pages\/3359","targetHints":{"allow":["GET"]}}],"collection":[{"href":"https:\/\/akademie-3.org\/en\/wp-json\/wp\/v2\/pages"}],"about":[{"href":"https:\/\/akademie-3.org\/en\/wp-json\/wp\/v2\/types\/page"}],"author":[{"embeddable":true,"href":"https:\/\/akademie-3.org\/en\/wp-json\/wp\/v2\/users\/1"}],"replies":[{"embeddable":true,"href":"https:\/\/akademie-3.org\/en\/wp-json\/wp\/v2\/comments?post=3359"}],"version-history":[{"count":18,"href":"https:\/\/akademie-3.org\/en\/wp-json\/wp\/v2\/pages\/3359\/revisions"}],"predecessor-version":[{"id":4966,"href":"https:\/\/akademie-3.org\/en\/wp-json\/wp\/v2\/pages\/3359\/revisions\/4966"}],"wp:attachment":[{"href":"https:\/\/akademie-3.org\/en\/wp-json\/wp\/v2\/media?parent=3359"}],"curies":[{"name":"wp","href":"https:\/\/api.w.org\/{rel}","templated":true}]}}