{"id":4652,"date":"2025-06-27T17:48:31","date_gmt":"2025-06-27T15:48:31","guid":{"rendered":"https:\/\/akademie-3.org\/?page_id=4652"},"modified":"2025-06-27T17:48:31","modified_gmt":"2025-06-27T15:48:31","slug":"digitale-barrierefreiheit","status":"publish","type":"page","link":"https:\/\/akademie-3.org\/en\/digitale-barrierefreiheit\/","title":{"rendered":"Imprint"},"content":{"rendered":"<section class=\"l-section wpb_row us_custom_72ea4ca6 height_medium full_height valign_top with_img parallax_fixed\"><div class=\"l-section-img\" role=\"img\" aria-label=\"griechische-Denker\" data-img-width=\"1920\" data-img-height=\"1080\" style=\"background-image: url(https:\/\/akademie-3.org\/wp-content\/uploads\/2024\/05\/griechische-Denker.webp);background-repeat: no-repeat;\"><\/div><div class=\"l-section-overlay\" style=\"background:rgba(255,253,237,0.90)\"><\/div><div class=\"l-section-h i-cf\"><div class=\"g-cols vc_row via_grid cols_1 laptops-cols_inherit tablets-cols_inherit mobiles-cols_1 valign_top type_default stacking_default\"><div class=\"wpb_column vc_column_container\"><div class=\"vc_column-inner\"><div class=\"w-separator size_small\"><\/div><div class=\"g-cols wpb_row via_grid cols_1-2-1 laptops-cols_inherit tablets-cols_inherit mobiles-cols_1 valign_top type_default stacking_default\" style=\"--columns-gap:3rem;\"><div class=\"wpb_column vc_column_container\"><div class=\"vc_column-inner\"><\/div><\/div><div class=\"wpb_column vc_column_container\"><div class=\"vc_column-inner\"><div class=\"w-separator size_small\"><\/div><div class=\"wpb_text_column us_custom_3b5703d6 has_text_color\"><div class=\"wpb_wrapper\"><div style=\"word-wrap: break-word;\"><h1>Site Notice<\/h1>\n\n<p>Akademie 3 Stiftung Neue Platonische Akademie gGmbH<br \/>\nHellerstra&szlig;e 7<br \/>\n36039 Fulda<\/p>\n\n<p>Commercial Register: HRB 8226<br \/>\nRegistration court: Fulda<\/p>\n\n<p><strong>Represented by:<\/strong><br \/>\nGesch&auml;ftsf&uuml;hrerin Christine Teufel<\/p>\n\n<h2>Contact<\/h2>\n<p>Phone: +49 661 9525954<br \/>\nE-mail: info@akademie-3.org<\/p>\n\n<h2>Person responsible for editorial<\/h2>\n<p>Christine Teufel<br \/>\r\nGesch&auml;ftsf&uuml;hrerin<br \/>\r\nHellerstra&szlig;e 7<br \/>\r\n36039 Fulda<br \/>\r\nE-Mail info@akademie-3.org<\/p>\n\n<h2>Dispute resolution proceedings in front of a consumer arbitration board<\/h2>\n<p>We are not willing or obliged to participate in dispute resolution proceedings in front of a consumer arbitration board.<\/p><\/div>\n<\/div><\/div><\/div><\/div><div class=\"wpb_column vc_column_container\"><div class=\"vc_column-inner\"><\/div><\/div><\/div><\/div><\/div><\/div><\/div><\/section>\n","protected":false},"excerpt":{"rendered":"{:de}Erkl\u00e4rung zur Barrierefreiheit f\u00fcr Dienstleistungen Im Rahmen unserer Barrierefreiheitserkl\u00e4rung m\u00f6chten wir Ihnen einen \u00dcberblick \u00fcber den Stand der Vereinbarkeit der unten beschriebenen Dienstleistung(en) mit den Anforderungen der Barrierefreiheit nach gesetzlichen Vorschriften (insbesondere mit dem Barrierefreiheitsst\u00e4rkungsgesetz \u2013 BFSG) geben. Angaben zum Dienstleistungserbringer Akademie 3 Stiftung Neue Platonische Akademie gGmbH Hellerstra\u00dfe 7 36039 Fulda Hessen Allgemeine Beschreibung...","protected":false},"author":1,"featured_media":0,"parent":0,"menu_order":0,"comment_status":"closed","ping_status":"closed","template":"","meta":{"_acf_changed":false,"footnotes":""},"class_list":["post-4652","page","type-page","status-publish","hentry"],"translation":{"provider":"WPGlobus","version":"3.0.2","language":"en","enabled_languages":["de","en"],"languages":{"de":{"title":true,"content":true,"excerpt":false},"en":{"title":true,"content":true,"excerpt":false}}},"acf":[],"yoast_head":"<!-- This site is optimized with the Yoast SEO plugin v27.2 - https:\/\/yoast.com\/product\/yoast-seo-wordpress\/ -->\n<title>Imprint - Akademie 3<\/title>\n<meta name=\"robots\" content=\"index, follow, max-snippet:-1, max-image-preview:large, max-video-preview:-1\" \/>\n<link rel=\"canonical\" href=\"https:\/\/akademie-3.org\/digitale-barrierefreiheit\/\" \/>\n<meta property=\"og:locale\" content=\"en_US\" \/>\n<meta property=\"og:type\" content=\"article\" \/>\n<meta property=\"og:title\" content=\"Imprint - Akademie 3\" \/>\n<meta property=\"og:url\" content=\"https:\/\/akademie-3.org\/digitale-barrierefreiheit\/\" \/>\n<meta property=\"og:site_name\" content=\"Akademie 3\" \/>\n<meta name=\"twitter:card\" content=\"summary_large_image\" \/>\n<meta name=\"twitter:label1\" content=\"Est. reading time\" \/>\n\t<meta name=\"twitter:data1\" content=\"3 minutes\" \/>\n<script type=\"application\/ld+json\" class=\"yoast-schema-graph\">{\"@context\":\"https:\/\/schema.org\",\"@graph\":[{\"@type\":\"WebPage\",\"@id\":\"https:\/\/akademie-3.org\/digitale-barrierefreiheit\/\",\"url\":\"https:\/\/akademie-3.org\/digitale-barrierefreiheit\/\",\"name\":\"Imprint - Akademie 3\",\"isPartOf\":{\"@id\":\"https:\/\/akademie-3.org\/#website\"},\"datePublished\":\"2025-06-27T15:48:31+00:00\",\"breadcrumb\":{\"@id\":\"https:\/\/akademie-3.org\/digitale-barrierefreiheit\/#breadcrumb\"},\"inLanguage\":\"en-US\",\"potentialAction\":[{\"@type\":\"ReadAction\",\"target\":[\"https:\/\/akademie-3.org\/digitale-barrierefreiheit\/\"]}]},{\"@type\":\"BreadcrumbList\",\"@id\":\"https:\/\/akademie-3.org\/digitale-barrierefreiheit\/#breadcrumb\",\"itemListElement\":[{\"@type\":\"ListItem\",\"position\":1,\"name\":\"Home\",\"item\":\"https:\/\/akademie-3.org\/\"},{\"@type\":\"ListItem\",\"position\":2,\"name\":\"Digitale Barrierefreiheit\"}]},{\"@type\":\"WebSite\",\"@id\":\"https:\/\/akademie-3.org\/#website\",\"url\":\"https:\/\/akademie-3.org\/\",\"name\":\"Akademie 3\",\"description\":\"\",\"potentialAction\":[{\"@type\":\"SearchAction\",\"target\":{\"@type\":\"EntryPoint\",\"urlTemplate\":\"https:\/\/akademie-3.org\/?s={search_term_string}\"},\"query-input\":{\"@type\":\"PropertyValueSpecification\",\"valueRequired\":true,\"valueName\":\"search_term_string\"}}],\"inLanguage\":\"en-US\"}]}<\/script>\n<!-- \/ Yoast SEO plugin. -->","yoast_head_json":{"title":"Imprint - Akademie 3","robots":{"index":"index","follow":"follow","max-snippet":"max-snippet:-1","max-image-preview":"max-image-preview:large","max-video-preview":"max-video-preview:-1"},"canonical":"https:\/\/akademie-3.org\/digitale-barrierefreiheit\/","og_locale":"en_US","og_type":"article","og_title":"Imprint - Akademie 3","og_url":"https:\/\/akademie-3.org\/digitale-barrierefreiheit\/","og_site_name":"Akademie 3","twitter_card":"summary_large_image","twitter_misc":{"Est. reading time":"3 minutes"},"schema":{"@context":"https:\/\/schema.org","@graph":[{"@type":"WebPage","@id":"https:\/\/akademie-3.org\/digitale-barrierefreiheit\/","url":"https:\/\/akademie-3.org\/digitale-barrierefreiheit\/","name":"Imprint - Akademie 3","isPartOf":{"@id":"https:\/\/akademie-3.org\/#website"},"datePublished":"2025-06-27T15:48:31+00:00","breadcrumb":{"@id":"https:\/\/akademie-3.org\/digitale-barrierefreiheit\/#breadcrumb"},"inLanguage":"en-US","potentialAction":[{"@type":"ReadAction","target":["https:\/\/akademie-3.org\/digitale-barrierefreiheit\/"]}]},{"@type":"BreadcrumbList","@id":"https:\/\/akademie-3.org\/digitale-barrierefreiheit\/#breadcrumb","itemListElement":[{"@type":"ListItem","position":1,"name":"Home","item":"https:\/\/akademie-3.org\/"},{"@type":"ListItem","position":2,"name":"Digitale Barrierefreiheit"}]},{"@type":"WebSite","@id":"https:\/\/akademie-3.org\/#website","url":"https:\/\/akademie-3.org\/","name":"Akademie 3","description":"","potentialAction":[{"@type":"SearchAction","target":{"@type":"EntryPoint","urlTemplate":"https:\/\/akademie-3.org\/?s={search_term_string}"},"query-input":{"@type":"PropertyValueSpecification","valueRequired":true,"valueName":"search_term_string"}}],"inLanguage":"en-US"}]}},"publishpress_future_action":{"enabled":false,"date":"2026-04-11 08:04:28","action":"change-status","newStatus":"draft","terms":[],"taxonomy":"","extraData":[]},"publishpress_future_workflow_manual_trigger":{"enabledWorkflows":[]},"_links":{"self":[{"href":"https:\/\/akademie-3.org\/en\/wp-json\/wp\/v2\/pages\/4652","targetHints":{"allow":["GET"]}}],"collection":[{"href":"https:\/\/akademie-3.org\/en\/wp-json\/wp\/v2\/pages"}],"about":[{"href":"https:\/\/akademie-3.org\/en\/wp-json\/wp\/v2\/types\/page"}],"author":[{"embeddable":true,"href":"https:\/\/akademie-3.org\/en\/wp-json\/wp\/v2\/users\/1"}],"replies":[{"embeddable":true,"href":"https:\/\/akademie-3.org\/en\/wp-json\/wp\/v2\/comments?post=4652"}],"version-history":[{"count":2,"href":"https:\/\/akademie-3.org\/en\/wp-json\/wp\/v2\/pages\/4652\/revisions"}],"predecessor-version":[{"id":4865,"href":"https:\/\/akademie-3.org\/en\/wp-json\/wp\/v2\/pages\/4652\/revisions\/4865"}],"wp:attachment":[{"href":"https:\/\/akademie-3.org\/en\/wp-json\/wp\/v2\/media?parent=4652"}],"curies":[{"name":"wp","href":"https:\/\/api.w.org\/{rel}","templated":true}]}}