{"id":4716,"date":"2025-09-10T11:39:45","date_gmt":"2025-09-10T09:39:45","guid":{"rendered":"https:\/\/akademie-3.org\/?page_id=4716"},"modified":"2026-02-05T11:11:57","modified_gmt":"2026-02-05T10:11:57","slug":"denkenlernen-curriculum","status":"publish","type":"page","link":"https:\/\/akademie-3.org\/en\/denkenlernen-curriculum\/","title":{"rendered":"Summer School 2025"},"content":{"rendered":"<div class=\"wpb_column vc_column_container\"><div class=\"vc_column-inner\"><\/div><\/div>\n","protected":false},"excerpt":{"rendered":"{:de}Denkenlernen CurriculumDIE WEISHEIT DER GRIECHEN F\u00dcR DIE WELT VON MORGEN Kompatkes Einf\u00fchrungsseminar in die Seinsphilosophie Beim Curriculum DENKEN LERNEN \u00fcben wir uns in einem alten und zugleich neuen Mindset: der Seinsphilosophie, die ihre Bl\u00fcte in der griechischen Antike hatte und sp\u00e4ter die Renaissance befl\u00fcgelte. Inspiriert durch die antike Philosophie verinnerlichen wir ein seinsphilosophisches Betriebssystem, das...","protected":false},"author":1,"featured_media":0,"parent":0,"menu_order":0,"comment_status":"closed","ping_status":"closed","template":"","meta":{"_acf_changed":false,"footnotes":""},"class_list":["post-4716","page","type-page","status-publish","hentry"],"translation":{"provider":"WPGlobus","version":"3.0.2","language":"en","enabled_languages":["de","en"],"languages":{"de":{"title":true,"content":true,"excerpt":false},"en":{"title":true,"content":true,"excerpt":false}}},"acf":[],"yoast_head":"<!-- This site is optimized with the Yoast SEO plugin v27.2 - https:\/\/yoast.com\/product\/yoast-seo-wordpress\/ -->\n<title>Summer School 2025 - Akademie 3<\/title>\n<meta name=\"robots\" content=\"index, follow, max-snippet:-1, max-image-preview:large, max-video-preview:-1\" \/>\n<link rel=\"canonical\" href=\"https:\/\/akademie-3.org\/denkenlernen-curriculum\/\" \/>\n<meta property=\"og:locale\" content=\"en_US\" \/>\n<meta property=\"og:type\" content=\"article\" \/>\n<meta property=\"og:title\" content=\"Summer School 2025 - Akademie 3\" \/>\n<meta property=\"og:url\" content=\"https:\/\/akademie-3.org\/denkenlernen-curriculum\/\" \/>\n<meta property=\"og:site_name\" content=\"Akademie 3\" \/>\n<meta property=\"article:modified_time\" content=\"2026-02-05T10:11:57+00:00\" \/>\n<meta name=\"twitter:card\" content=\"summary_large_image\" \/>\n<meta name=\"twitter:label1\" content=\"Est. reading time\" \/>\n\t<meta name=\"twitter:data1\" content=\"12 minutes\" \/>\n<script type=\"application\/ld+json\" class=\"yoast-schema-graph\">{\"@context\":\"https:\/\/schema.org\",\"@graph\":[{\"@type\":\"WebPage\",\"@id\":\"https:\/\/akademie-3.org\/denkenlernen-curriculum\/\",\"url\":\"https:\/\/akademie-3.org\/denkenlernen-curriculum\/\",\"name\":\"Summer School 2025 - Akademie 3\",\"isPartOf\":{\"@id\":\"https:\/\/akademie-3.org\/#website\"},\"datePublished\":\"2025-09-10T09:39:45+00:00\",\"dateModified\":\"2026-02-05T10:11:57+00:00\",\"breadcrumb\":{\"@id\":\"https:\/\/akademie-3.org\/denkenlernen-curriculum\/#breadcrumb\"},\"inLanguage\":\"en-US\",\"potentialAction\":[{\"@type\":\"ReadAction\",\"target\":[\"https:\/\/akademie-3.org\/denkenlernen-curriculum\/\"]}]},{\"@type\":\"BreadcrumbList\",\"@id\":\"https:\/\/akademie-3.org\/denkenlernen-curriculum\/#breadcrumb\",\"itemListElement\":[{\"@type\":\"ListItem\",\"position\":1,\"name\":\"Home\",\"item\":\"https:\/\/akademie-3.org\/\"},{\"@type\":\"ListItem\",\"position\":2,\"name\":\"Denkenlernen Curriculum\"}]},{\"@type\":\"WebSite\",\"@id\":\"https:\/\/akademie-3.org\/#website\",\"url\":\"https:\/\/akademie-3.org\/\",\"name\":\"Akademie 3\",\"description\":\"\",\"potentialAction\":[{\"@type\":\"SearchAction\",\"target\":{\"@type\":\"EntryPoint\",\"urlTemplate\":\"https:\/\/akademie-3.org\/?s={search_term_string}\"},\"query-input\":{\"@type\":\"PropertyValueSpecification\",\"valueRequired\":true,\"valueName\":\"search_term_string\"}}],\"inLanguage\":\"en-US\"}]}<\/script>\n<!-- \/ Yoast SEO plugin. -->","yoast_head_json":{"title":"Summer School 2025 - Akademie 3","robots":{"index":"index","follow":"follow","max-snippet":"max-snippet:-1","max-image-preview":"max-image-preview:large","max-video-preview":"max-video-preview:-1"},"canonical":"https:\/\/akademie-3.org\/denkenlernen-curriculum\/","og_locale":"en_US","og_type":"article","og_title":"Summer School 2025 - Akademie 3","og_url":"https:\/\/akademie-3.org\/denkenlernen-curriculum\/","og_site_name":"Akademie 3","article_modified_time":"2026-02-05T10:11:57+00:00","twitter_card":"summary_large_image","twitter_misc":{"Est. reading time":"12 minutes"},"schema":{"@context":"https:\/\/schema.org","@graph":[{"@type":"WebPage","@id":"https:\/\/akademie-3.org\/denkenlernen-curriculum\/","url":"https:\/\/akademie-3.org\/denkenlernen-curriculum\/","name":"Summer School 2025 - Akademie 3","isPartOf":{"@id":"https:\/\/akademie-3.org\/#website"},"datePublished":"2025-09-10T09:39:45+00:00","dateModified":"2026-02-05T10:11:57+00:00","breadcrumb":{"@id":"https:\/\/akademie-3.org\/denkenlernen-curriculum\/#breadcrumb"},"inLanguage":"en-US","potentialAction":[{"@type":"ReadAction","target":["https:\/\/akademie-3.org\/denkenlernen-curriculum\/"]}]},{"@type":"BreadcrumbList","@id":"https:\/\/akademie-3.org\/denkenlernen-curriculum\/#breadcrumb","itemListElement":[{"@type":"ListItem","position":1,"name":"Home","item":"https:\/\/akademie-3.org\/"},{"@type":"ListItem","position":2,"name":"Denkenlernen Curriculum"}]},{"@type":"WebSite","@id":"https:\/\/akademie-3.org\/#website","url":"https:\/\/akademie-3.org\/","name":"Akademie 3","description":"","potentialAction":[{"@type":"SearchAction","target":{"@type":"EntryPoint","urlTemplate":"https:\/\/akademie-3.org\/?s={search_term_string}"},"query-input":{"@type":"PropertyValueSpecification","valueRequired":true,"valueName":"search_term_string"}}],"inLanguage":"en-US"}]}},"publishpress_future_action":{"enabled":false,"date":"2026-04-11 08:04:53","action":"change-status","newStatus":"draft","terms":[],"taxonomy":"","extraData":[]},"publishpress_future_workflow_manual_trigger":{"enabledWorkflows":[]},"_links":{"self":[{"href":"https:\/\/akademie-3.org\/en\/wp-json\/wp\/v2\/pages\/4716","targetHints":{"allow":["GET"]}}],"collection":[{"href":"https:\/\/akademie-3.org\/en\/wp-json\/wp\/v2\/pages"}],"about":[{"href":"https:\/\/akademie-3.org\/en\/wp-json\/wp\/v2\/types\/page"}],"author":[{"embeddable":true,"href":"https:\/\/akademie-3.org\/en\/wp-json\/wp\/v2\/users\/1"}],"replies":[{"embeddable":true,"href":"https:\/\/akademie-3.org\/en\/wp-json\/wp\/v2\/comments?post=4716"}],"version-history":[{"count":69,"href":"https:\/\/akademie-3.org\/en\/wp-json\/wp\/v2\/pages\/4716\/revisions"}],"predecessor-version":[{"id":5216,"href":"https:\/\/akademie-3.org\/en\/wp-json\/wp\/v2\/pages\/4716\/revisions\/5216"}],"wp:attachment":[{"href":"https:\/\/akademie-3.org\/en\/wp-json\/wp\/v2\/media?parent=4716"}],"curies":[{"name":"wp","href":"https:\/\/api.w.org\/{rel}","templated":true}]}}